{"id":5029,"date":"2025-05-13T00:42:12","date_gmt":"2025-05-13T07:42:12","guid":{"rendered":"https:\/\/template.content.vn\/?post_type=product&#038;p=5029"},"modified":"2026-02-20T18:44:12","modified_gmt":"2026-02-21T02:14:12","slug":"sale-khuyen-mai-lam-dep-spa-k113","status":"publish","type":"product","link":"https:\/\/shop.marketingonline.vn\/?product=sale-khuyen-mai-lam-dep-spa-k113","title":{"rendered":"Sale Khuy\u1ebfn m\u00e3i L\u00e0m \u0111\u1eb9p Spa-K113"},"content":{"rendered":"<p><img fetchpriority=\"high\" decoding=\"async\" class=\"alignnone size-full wp-image-5030\" src=\"https:\/\/template.content.vn\/wp-content\/uploads\/2025\/05\/Bai-dang-Facebook-Sale-Khuyen-mai-Lam-dep-Spa-Massage-Thanh-lich-Nu-tinh-Xanh-hong.webp\" alt=\"\" width=\"1410\" height=\"1182\" \/><\/p>\n","protected":false},"excerpt":{"rendered":"","protected":false},"featured_media":5030,"comment_status":"open","ping_status":"closed","template":"","meta":[],"product_brand":[],"product_cat":[335,339,340,98,341,334,336,337,338,332,333,122],"product_tag":[],"class_list":{"0":"post-5029","1":"product","2":"type-product","3":"status-publish","4":"has-post-thumbnail","6":"product_cat-advertising-media-buying","7":"product_cat-analytics-data-marketing","8":"product_cat-automation-martech","9":"product_cat-bien-quang-cao","10":"product_cat-brand-digital-pr","11":"product_cat-content-marketing","12":"product_cat-email-crm-marketing","13":"product_cat-influencer-affiliate-marketing","14":"product_cat-mobile-marketing","15":"product_cat-search-marketing","16":"product_cat-social-media","17":"product_cat-tong","19":"first","20":"instock","21":"shipping-taxable","22":"purchasable","23":"product-type-simple"},"_links":{"self":[{"href":"https:\/\/shop.marketingonline.vn\/index.php?rest_route=\/wp\/v2\/product\/5029","targetHints":{"allow":["GET"]}}],"collection":[{"href":"https:\/\/shop.marketingonline.vn\/index.php?rest_route=\/wp\/v2\/product"}],"about":[{"href":"https:\/\/shop.marketingonline.vn\/index.php?rest_route=\/wp\/v2\/types\/product"}],"replies":[{"embeddable":true,"href":"https:\/\/shop.marketingonline.vn\/index.php?rest_route=%2Fwp%2Fv2%2Fcomments&post=5029"}],"version-history":[{"count":1,"href":"https:\/\/shop.marketingonline.vn\/index.php?rest_route=\/wp\/v2\/product\/5029\/revisions"}],"predecessor-version":[{"id":10793,"href":"https:\/\/shop.marketingonline.vn\/index.php?rest_route=\/wp\/v2\/product\/5029\/revisions\/10793"}],"wp:featuredmedia":[{"embeddable":true,"href":"https:\/\/shop.marketingonline.vn\/index.php?rest_route=\/"}],"wp:attachment":[{"href":"https:\/\/shop.marketingonline.vn\/index.php?rest_route=%2Fwp%2Fv2%2Fmedia&parent=5029"}],"wp:term":[{"taxonomy":"product_brand","embeddable":true,"href":"https:\/\/shop.marketingonline.vn\/index.php?rest_route=%2Fwp%2Fv2%2Fproduct_brand&post=5029"},{"taxonomy":"product_cat","embeddable":true,"href":"https:\/\/shop.marketingonline.vn\/index.php?rest_route=%2Fwp%2Fv2%2Fproduct_cat&post=5029"},{"taxonomy":"product_tag","embeddable":true,"href":"https:\/\/shop.marketingonline.vn\/index.php?rest_route=%2Fwp%2Fv2%2Fproduct_tag&post=5029"}],"curies":[{"name":"wp","href":"https:\/\/api.w.org\/{rel}","templated":true}]}}