{"id":4980,"date":"2025-05-12T23:49:40","date_gmt":"2025-05-13T06:49:40","guid":{"rendered":"https:\/\/template.content.vn\/?post_type=product&amp;p=4980"},"modified":"2025-05-12T23:49:40","modified_gmt":"2025-05-13T06:49:40","slug":"sale-khuyen-mai-spa-lam-dep-k92","status":"publish","type":"product","link":"https:\/\/shop.marketingonline.vn\/?product=sale-khuyen-mai-spa-lam-dep-k92","title":{"rendered":"Sale Khuy\u1ebfn m\u00e3i Spa L\u00e0m \u0111\u1eb9p-K92"},"content":{"rendered":"<p><img fetchpriority=\"high\" decoding=\"async\" class=\"alignnone size-full wp-image-4982\" src=\"https:\/\/template.content.vn\/wp-content\/uploads\/2025\/05\/Banner-Sale-Khuyen-mai-Spa-Lam-dep-Tham-my-Tet-Nam-moi-Hien-dai-Thanh-lich-Do-vang-scaled.webp\" alt=\"\" width=\"2560\" height=\"1280\" \/><\/p>\n","protected":false},"excerpt":{"rendered":"","protected":false},"featured_media":4982,"comment_status":"open","ping_status":"closed","template":"","meta":[],"product_brand":[],"product_cat":[122],"product_tag":[],"class_list":{"0":"post-4980","1":"product","2":"type-product","3":"status-publish","4":"has-post-thumbnail","6":"product_cat-tong","8":"first","9":"instock","10":"shipping-taxable","11":"purchasable","12":"product-type-simple"},"_links":{"self":[{"href":"https:\/\/shop.marketingonline.vn\/index.php?rest_route=\/wp\/v2\/product\/4980","targetHints":{"allow":["GET"]}}],"collection":[{"href":"https:\/\/shop.marketingonline.vn\/index.php?rest_route=\/wp\/v2\/product"}],"about":[{"href":"https:\/\/shop.marketingonline.vn\/index.php?rest_route=\/wp\/v2\/types\/product"}],"replies":[{"embeddable":true,"href":"https:\/\/shop.marketingonline.vn\/index.php?rest_route=%2Fwp%2Fv2%2Fcomments&post=4980"}],"version-history":[{"count":0,"href":"https:\/\/shop.marketingonline.vn\/index.php?rest_route=\/wp\/v2\/product\/4980\/revisions"}],"wp:featuredmedia":[{"embeddable":true,"href":"https:\/\/shop.marketingonline.vn\/index.php?rest_route=\/"}],"wp:attachment":[{"href":"https:\/\/shop.marketingonline.vn\/index.php?rest_route=%2Fwp%2Fv2%2Fmedia&parent=4980"}],"wp:term":[{"taxonomy":"product_brand","embeddable":true,"href":"https:\/\/shop.marketingonline.vn\/index.php?rest_route=%2Fwp%2Fv2%2Fproduct_brand&post=4980"},{"taxonomy":"product_cat","embeddable":true,"href":"https:\/\/shop.marketingonline.vn\/index.php?rest_route=%2Fwp%2Fv2%2Fproduct_cat&post=4980"},{"taxonomy":"product_tag","embeddable":true,"href":"https:\/\/shop.marketingonline.vn\/index.php?rest_route=%2Fwp%2Fv2%2Fproduct_tag&post=4980"}],"curies":[{"name":"wp","href":"https:\/\/api.w.org\/{rel}","templated":true}]}}