{"id":4969,"date":"2025-05-12T21:54:21","date_gmt":"2025-05-13T04:54:21","guid":{"rendered":"https:\/\/template.content.vn\/?post_type=product&amp;p=4969"},"modified":"2025-05-12T21:54:21","modified_gmt":"2025-05-13T04:54:21","slug":"thuc-don-do-an-nha-hang-k86","status":"publish","type":"product","link":"https:\/\/shop.marketingonline.vn\/?product=thuc-don-do-an-nha-hang-k86","title":{"rendered":"Th\u1ef1c \u0111\u01a1n \u0110\u1ed3 \u0103n Nh\u00e0 h\u00e0ng-K86"},"content":{"rendered":"<p><img fetchpriority=\"high\" decoding=\"async\" class=\"alignnone size-full wp-image-4970\" src=\"https:\/\/template.content.vn\/wp-content\/uploads\/2025\/05\/Menu-Thuc-don-Do-an-Nha-hang-Sang-trong-Co-dien-Toi-gian-Nau-scaled.webp\" alt=\"\" width=\"1810\" height=\"2560\" \/><\/p>\n","protected":false},"excerpt":{"rendered":"","protected":false},"featured_media":4970,"comment_status":"open","ping_status":"closed","template":"","meta":[],"product_brand":[],"product_cat":[122],"product_tag":[],"class_list":{"0":"post-4969","1":"product","2":"type-product","3":"status-publish","4":"has-post-thumbnail","6":"product_cat-tong","8":"first","9":"instock","10":"shipping-taxable","11":"purchasable","12":"product-type-simple"},"_links":{"self":[{"href":"https:\/\/shop.marketingonline.vn\/index.php?rest_route=\/wp\/v2\/product\/4969","targetHints":{"allow":["GET"]}}],"collection":[{"href":"https:\/\/shop.marketingonline.vn\/index.php?rest_route=\/wp\/v2\/product"}],"about":[{"href":"https:\/\/shop.marketingonline.vn\/index.php?rest_route=\/wp\/v2\/types\/product"}],"replies":[{"embeddable":true,"href":"https:\/\/shop.marketingonline.vn\/index.php?rest_route=%2Fwp%2Fv2%2Fcomments&post=4969"}],"version-history":[{"count":0,"href":"https:\/\/shop.marketingonline.vn\/index.php?rest_route=\/wp\/v2\/product\/4969\/revisions"}],"wp:featuredmedia":[{"embeddable":true,"href":"https:\/\/shop.marketingonline.vn\/index.php?rest_route=\/"}],"wp:attachment":[{"href":"https:\/\/shop.marketingonline.vn\/index.php?rest_route=%2Fwp%2Fv2%2Fmedia&parent=4969"}],"wp:term":[{"taxonomy":"product_brand","embeddable":true,"href":"https:\/\/shop.marketingonline.vn\/index.php?rest_route=%2Fwp%2Fv2%2Fproduct_brand&post=4969"},{"taxonomy":"product_cat","embeddable":true,"href":"https:\/\/shop.marketingonline.vn\/index.php?rest_route=%2Fwp%2Fv2%2Fproduct_cat&post=4969"},{"taxonomy":"product_tag","embeddable":true,"href":"https:\/\/shop.marketingonline.vn\/index.php?rest_route=%2Fwp%2Fv2%2Fproduct_tag&post=4969"}],"curies":[{"name":"wp","href":"https:\/\/api.w.org\/{rel}","templated":true}]}}