{"id":4926,"date":"2025-05-12T19:59:20","date_gmt":"2025-05-13T02:59:20","guid":{"rendered":"https:\/\/template.content.vn\/?post_type=product&amp;p=4926"},"modified":"2025-05-12T19:59:20","modified_gmt":"2025-05-13T02:59:20","slug":"mua-he-giai-khat-thien-nhien-k68","status":"publish","type":"product","link":"https:\/\/shop.marketingonline.vn\/?product=mua-he-giai-khat-thien-nhien-k68","title":{"rendered":"M\u00f9a h\u00e8 Gi\u1ea3i kh\u00e1t Thi\u00ean nhi\u00ean- K68"},"content":{"rendered":"<p><img fetchpriority=\"high\" decoding=\"async\" class=\"alignnone size-full wp-image-4927\" src=\"https:\/\/template.content.vn\/wp-content\/uploads\/2025\/05\/Bai-dang-Instagram-Quang-cao-Do-uong-Trai-cay-Mua-he-Giai-khat-Hien-dai-Xanh-la.webp\" alt=\"\" width=\"1620\" height=\"1620\" \/><\/p>\n","protected":false},"excerpt":{"rendered":"","protected":false},"featured_media":4927,"comment_status":"open","ping_status":"closed","template":"","meta":[],"product_brand":[],"product_cat":[122],"product_tag":[],"class_list":{"0":"post-4926","1":"product","2":"type-product","3":"status-publish","4":"has-post-thumbnail","6":"product_cat-tong","8":"first","9":"instock","10":"shipping-taxable","11":"purchasable","12":"product-type-simple"},"_links":{"self":[{"href":"https:\/\/shop.marketingonline.vn\/index.php?rest_route=\/wp\/v2\/product\/4926","targetHints":{"allow":["GET"]}}],"collection":[{"href":"https:\/\/shop.marketingonline.vn\/index.php?rest_route=\/wp\/v2\/product"}],"about":[{"href":"https:\/\/shop.marketingonline.vn\/index.php?rest_route=\/wp\/v2\/types\/product"}],"replies":[{"embeddable":true,"href":"https:\/\/shop.marketingonline.vn\/index.php?rest_route=%2Fwp%2Fv2%2Fcomments&post=4926"}],"version-history":[{"count":0,"href":"https:\/\/shop.marketingonline.vn\/index.php?rest_route=\/wp\/v2\/product\/4926\/revisions"}],"wp:featuredmedia":[{"embeddable":true,"href":"https:\/\/shop.marketingonline.vn\/index.php?rest_route=\/"}],"wp:attachment":[{"href":"https:\/\/shop.marketingonline.vn\/index.php?rest_route=%2Fwp%2Fv2%2Fmedia&parent=4926"}],"wp:term":[{"taxonomy":"product_brand","embeddable":true,"href":"https:\/\/shop.marketingonline.vn\/index.php?rest_route=%2Fwp%2Fv2%2Fproduct_brand&post=4926"},{"taxonomy":"product_cat","embeddable":true,"href":"https:\/\/shop.marketingonline.vn\/index.php?rest_route=%2Fwp%2Fv2%2Fproduct_cat&post=4926"},{"taxonomy":"product_tag","embeddable":true,"href":"https:\/\/shop.marketingonline.vn\/index.php?rest_route=%2Fwp%2Fv2%2Fproduct_tag&post=4926"}],"curies":[{"name":"wp","href":"https:\/\/api.w.org\/{rel}","templated":true}]}}