{"id":4814,"date":"2025-04-04T02:11:30","date_gmt":"2025-04-04T09:11:30","guid":{"rendered":"https:\/\/template.content.vn\/?post_type=product&amp;p=4814"},"modified":"2025-04-04T02:11:30","modified_gmt":"2025-04-04T09:11:30","slug":"boc-tham-qua-tang-tri-an-khach-hang-k41","status":"publish","type":"product","link":"https:\/\/shop.marketingonline.vn\/?product=boc-tham-qua-tang-tri-an-khach-hang-k41","title":{"rendered":"B\u1ed1c th\u0103m qu\u00e1 t\u1eb7ng tri \u00e2n kh\u00e1ch h\u00e0ng &#8211; K41"},"content":{"rendered":"<p><img fetchpriority=\"high\" decoding=\"async\" class=\"alignnone size-full wp-image-4816\" src=\"https:\/\/template.content.vn\/wp-content\/uploads\/2025\/04\/Hong-Xanh-Lam-Ro-Rang-Boc-Tham-Qua-Tang-Tri-An-Khach-Hang-Instagram-Post.jpg\" alt=\"\" width=\"1620\" height=\"1620\" \/><\/p>\n","protected":false},"excerpt":{"rendered":"","protected":false},"featured_media":4816,"comment_status":"open","ping_status":"closed","template":"","meta":[],"product_brand":[],"product_cat":[122],"product_tag":[],"class_list":{"0":"post-4814","1":"product","2":"type-product","3":"status-publish","4":"has-post-thumbnail","6":"product_cat-tong","8":"first","9":"instock","10":"shipping-taxable","11":"purchasable","12":"product-type-simple"},"_links":{"self":[{"href":"https:\/\/shop.marketingonline.vn\/index.php?rest_route=\/wp\/v2\/product\/4814","targetHints":{"allow":["GET"]}}],"collection":[{"href":"https:\/\/shop.marketingonline.vn\/index.php?rest_route=\/wp\/v2\/product"}],"about":[{"href":"https:\/\/shop.marketingonline.vn\/index.php?rest_route=\/wp\/v2\/types\/product"}],"replies":[{"embeddable":true,"href":"https:\/\/shop.marketingonline.vn\/index.php?rest_route=%2Fwp%2Fv2%2Fcomments&post=4814"}],"version-history":[{"count":0,"href":"https:\/\/shop.marketingonline.vn\/index.php?rest_route=\/wp\/v2\/product\/4814\/revisions"}],"wp:featuredmedia":[{"embeddable":true,"href":"https:\/\/shop.marketingonline.vn\/index.php?rest_route=\/"}],"wp:attachment":[{"href":"https:\/\/shop.marketingonline.vn\/index.php?rest_route=%2Fwp%2Fv2%2Fmedia&parent=4814"}],"wp:term":[{"taxonomy":"product_brand","embeddable":true,"href":"https:\/\/shop.marketingonline.vn\/index.php?rest_route=%2Fwp%2Fv2%2Fproduct_brand&post=4814"},{"taxonomy":"product_cat","embeddable":true,"href":"https:\/\/shop.marketingonline.vn\/index.php?rest_route=%2Fwp%2Fv2%2Fproduct_cat&post=4814"},{"taxonomy":"product_tag","embeddable":true,"href":"https:\/\/shop.marketingonline.vn\/index.php?rest_route=%2Fwp%2Fv2%2Fproduct_tag&post=4814"}],"curies":[{"name":"wp","href":"https:\/\/api.w.org\/{rel}","templated":true}]}}