{"id":4813,"date":"2025-04-04T02:11:49","date_gmt":"2025-04-04T09:11:49","guid":{"rendered":"https:\/\/template.content.vn\/?post_type=product&amp;p=4813"},"modified":"2025-04-04T02:11:49","modified_gmt":"2025-04-04T09:11:49","slug":"khuyen-mai-hoa-don-cung-vong-quay-may-man-k42","status":"publish","type":"product","link":"https:\/\/shop.marketingonline.vn\/?product=khuyen-mai-hoa-don-cung-vong-quay-may-man-k42","title":{"rendered":"Khuy\u1ebfn m\u00e3i h\u00f3a \u0111\u01a1n c\u00f9ng v\u00f2ng quay may m\u1eafn &#8211; K42"},"content":{"rendered":"<p><img fetchpriority=\"high\" decoding=\"async\" class=\"alignnone size-full wp-image-4817\" src=\"https:\/\/template.content.vn\/wp-content\/uploads\/2025\/04\/Hong-Xanh-Lam-Ruc-Ro-Hien-Dai-Ro-Rang-Khuyen-Mai-Qua-Tang-Banner-1-scaled.jpg\" alt=\"\" width=\"2560\" height=\"1280\" \/><\/p>\n","protected":false},"excerpt":{"rendered":"","protected":false},"featured_media":4817,"comment_status":"open","ping_status":"closed","template":"","meta":[],"product_brand":[],"product_cat":[122],"product_tag":[],"class_list":{"0":"post-4813","1":"product","2":"type-product","3":"status-publish","4":"has-post-thumbnail","6":"product_cat-tong","8":"first","9":"instock","10":"shipping-taxable","11":"purchasable","12":"product-type-simple"},"_links":{"self":[{"href":"https:\/\/shop.marketingonline.vn\/index.php?rest_route=\/wp\/v2\/product\/4813","targetHints":{"allow":["GET"]}}],"collection":[{"href":"https:\/\/shop.marketingonline.vn\/index.php?rest_route=\/wp\/v2\/product"}],"about":[{"href":"https:\/\/shop.marketingonline.vn\/index.php?rest_route=\/wp\/v2\/types\/product"}],"replies":[{"embeddable":true,"href":"https:\/\/shop.marketingonline.vn\/index.php?rest_route=%2Fwp%2Fv2%2Fcomments&post=4813"}],"version-history":[{"count":0,"href":"https:\/\/shop.marketingonline.vn\/index.php?rest_route=\/wp\/v2\/product\/4813\/revisions"}],"wp:featuredmedia":[{"embeddable":true,"href":"https:\/\/shop.marketingonline.vn\/index.php?rest_route=\/"}],"wp:attachment":[{"href":"https:\/\/shop.marketingonline.vn\/index.php?rest_route=%2Fwp%2Fv2%2Fmedia&parent=4813"}],"wp:term":[{"taxonomy":"product_brand","embeddable":true,"href":"https:\/\/shop.marketingonline.vn\/index.php?rest_route=%2Fwp%2Fv2%2Fproduct_brand&post=4813"},{"taxonomy":"product_cat","embeddable":true,"href":"https:\/\/shop.marketingonline.vn\/index.php?rest_route=%2Fwp%2Fv2%2Fproduct_cat&post=4813"},{"taxonomy":"product_tag","embeddable":true,"href":"https:\/\/shop.marketingonline.vn\/index.php?rest_route=%2Fwp%2Fv2%2Fproduct_tag&post=4813"}],"curies":[{"name":"wp","href":"https:\/\/api.w.org\/{rel}","templated":true}]}}