{"id":4800,"date":"2025-04-04T02:00:40","date_gmt":"2025-04-04T09:00:40","guid":{"rendered":"https:\/\/template.content.vn\/?post_type=product&amp;p=4800"},"modified":"2025-04-04T02:00:40","modified_gmt":"2025-04-04T09:00:40","slug":"sales-uu-dai-combo-do-an-thuc-uong-k36","status":"publish","type":"product","link":"https:\/\/shop.marketingonline.vn\/?product=sales-uu-dai-combo-do-an-thuc-uong-k36","title":{"rendered":"Sales \u01b0u \u0111\u00e3i combo \u0111\u1ed3 \u0103n th\u1ee9c u\u1ed1ng &#8211; K36"},"content":{"rendered":"<p><img fetchpriority=\"high\" decoding=\"async\" class=\"alignnone size-full wp-image-4802\" src=\"https:\/\/template.content.vn\/wp-content\/uploads\/2025\/04\/Mau-Beige-Nau-Don-Gian-Hinh-Anh-Sale-Uu-Dai-Combo-Do-An-Thuc-Uong-Instagram-Post.jpg\" alt=\"\" width=\"1620\" height=\"1620\" \/><\/p>\n","protected":false},"excerpt":{"rendered":"","protected":false},"featured_media":4802,"comment_status":"open","ping_status":"closed","template":"","meta":[],"product_brand":[],"product_cat":[122],"product_tag":[],"class_list":{"0":"post-4800","1":"product","2":"type-product","3":"status-publish","4":"has-post-thumbnail","6":"product_cat-tong","8":"first","9":"instock","10":"shipping-taxable","11":"purchasable","12":"product-type-simple"},"_links":{"self":[{"href":"https:\/\/shop.marketingonline.vn\/index.php?rest_route=\/wp\/v2\/product\/4800","targetHints":{"allow":["GET"]}}],"collection":[{"href":"https:\/\/shop.marketingonline.vn\/index.php?rest_route=\/wp\/v2\/product"}],"about":[{"href":"https:\/\/shop.marketingonline.vn\/index.php?rest_route=\/wp\/v2\/types\/product"}],"replies":[{"embeddable":true,"href":"https:\/\/shop.marketingonline.vn\/index.php?rest_route=%2Fwp%2Fv2%2Fcomments&post=4800"}],"version-history":[{"count":0,"href":"https:\/\/shop.marketingonline.vn\/index.php?rest_route=\/wp\/v2\/product\/4800\/revisions"}],"wp:featuredmedia":[{"embeddable":true,"href":"https:\/\/shop.marketingonline.vn\/index.php?rest_route=\/"}],"wp:attachment":[{"href":"https:\/\/shop.marketingonline.vn\/index.php?rest_route=%2Fwp%2Fv2%2Fmedia&parent=4800"}],"wp:term":[{"taxonomy":"product_brand","embeddable":true,"href":"https:\/\/shop.marketingonline.vn\/index.php?rest_route=%2Fwp%2Fv2%2Fproduct_brand&post=4800"},{"taxonomy":"product_cat","embeddable":true,"href":"https:\/\/shop.marketingonline.vn\/index.php?rest_route=%2Fwp%2Fv2%2Fproduct_cat&post=4800"},{"taxonomy":"product_tag","embeddable":true,"href":"https:\/\/shop.marketingonline.vn\/index.php?rest_route=%2Fwp%2Fv2%2Fproduct_tag&post=4800"}],"curies":[{"name":"wp","href":"https:\/\/api.w.org\/{rel}","templated":true}]}}