{"id":4638,"date":"2025-04-04T01:29:18","date_gmt":"2025-04-04T08:29:18","guid":{"rendered":"https:\/\/template.content.vn\/?post_type=product&amp;p=4638"},"modified":"2025-04-04T01:29:18","modified_gmt":"2025-04-04T08:29:18","slug":"sales-uu-dai-combo-do-an-k18","status":"publish","type":"product","link":"https:\/\/shop.marketingonline.vn\/?product=sales-uu-dai-combo-do-an-k18","title":{"rendered":"Sales \u01b0u \u0111\u00e3i combo \u0111\u1ed3 \u0103n &#8211; K18"},"content":{"rendered":"<p><img fetchpriority=\"high\" decoding=\"async\" class=\"alignnone size-full wp-image-4640\" src=\"https:\/\/template.content.vn\/wp-content\/uploads\/2025\/04\/Vang-Cam-Don-Gian-Ro-Rang-Sale-Deal-Uu-Dai-Combo-Do-An-Thuc-Uong-Instagram-Post.jpg\" alt=\"\" width=\"1620\" height=\"1620\" \/><\/p>\n","protected":false},"excerpt":{"rendered":"","protected":false},"featured_media":4640,"comment_status":"open","ping_status":"closed","template":"","meta":[],"product_brand":[],"product_cat":[122],"product_tag":[],"class_list":{"0":"post-4638","1":"product","2":"type-product","3":"status-publish","4":"has-post-thumbnail","6":"product_cat-tong","8":"first","9":"instock","10":"shipping-taxable","11":"purchasable","12":"product-type-simple"},"_links":{"self":[{"href":"https:\/\/shop.marketingonline.vn\/index.php?rest_route=\/wp\/v2\/product\/4638","targetHints":{"allow":["GET"]}}],"collection":[{"href":"https:\/\/shop.marketingonline.vn\/index.php?rest_route=\/wp\/v2\/product"}],"about":[{"href":"https:\/\/shop.marketingonline.vn\/index.php?rest_route=\/wp\/v2\/types\/product"}],"replies":[{"embeddable":true,"href":"https:\/\/shop.marketingonline.vn\/index.php?rest_route=%2Fwp%2Fv2%2Fcomments&post=4638"}],"version-history":[{"count":0,"href":"https:\/\/shop.marketingonline.vn\/index.php?rest_route=\/wp\/v2\/product\/4638\/revisions"}],"wp:featuredmedia":[{"embeddable":true,"href":"https:\/\/shop.marketingonline.vn\/index.php?rest_route=\/"}],"wp:attachment":[{"href":"https:\/\/shop.marketingonline.vn\/index.php?rest_route=%2Fwp%2Fv2%2Fmedia&parent=4638"}],"wp:term":[{"taxonomy":"product_brand","embeddable":true,"href":"https:\/\/shop.marketingonline.vn\/index.php?rest_route=%2Fwp%2Fv2%2Fproduct_brand&post=4638"},{"taxonomy":"product_cat","embeddable":true,"href":"https:\/\/shop.marketingonline.vn\/index.php?rest_route=%2Fwp%2Fv2%2Fproduct_cat&post=4638"},{"taxonomy":"product_tag","embeddable":true,"href":"https:\/\/shop.marketingonline.vn\/index.php?rest_route=%2Fwp%2Fv2%2Fproduct_tag&post=4638"}],"curies":[{"name":"wp","href":"https:\/\/api.w.org\/{rel}","templated":true}]}}